{"id":11502,"date":"2019-03-21T15:20:48","date_gmt":"2019-03-21T20:20:48","guid":{"rendered":"https:\/\/ieladivinapastora.edu.co\/web\/?page_id=11502"},"modified":"2021-07-25T21:35:35","modified_gmt":"2021-07-26T02:35:35","slug":"nuestro-colegio","status":"publish","type":"page","link":"https:\/\/ieladivinapastora.edu.co\/web\/nuestro-colegio\/","title":{"rendered":"Nuestro Colegio"},"content":{"rendered":"<div class=\"wpb-content-wrapper\"><p>[vc_row][vc_column]<div class=\"thim-widget-heading template-base\"><div class=\"sc_heading  text-center\"><h3 style=\"font-size:35px;font-weight:600;\" class=\"title\">Informaci\u00f3n <strong>Institucional<\/strong><\/h3><\/div><\/div>[\/vc_column][\/vc_row][vc_row css=\u00bb.vc_custom_1559531433775{margin-bottom: 15px !important;}\u00bb][vc_column width=\u00bb5\/12&#8243; css=\u00bb.vc_custom_1553219212365{margin-bottom: 30px !important;}\u00bb][vc_column_text]<\/p>\n<h3 class=\"thim-text-title\">Misi\u00f3n<\/h3>\n<p><span style=\"font-weight: 400;\">La Instituci\u00f3n Educativa La Divina Pastora propende por la formaci\u00f3n integral del estudiante, con un crecimiento pleno como persona que le permita formular su propio proyecto de vida; desarrollando a trav\u00e9s de un proceso continuo, sistem\u00e1tico y profundo, personas competentes desde el aspecto acad\u00e9mico y t\u00e9cnico, capaces de incursionar, analizar y transformar la situaci\u00f3n en la que vive en procura de la estabilidad, el equilibrio y la plenitud hacia la calidad de vida, fundamentada en los valores propios de esta Instituci\u00f3n : el amor, la elegancia y la excelencia.<\/span>[\/vc_column_text][\/vc_column][vc_column width=\u00bb7\/12&#8243; css=\u00bb.vc_custom_1553219224890{margin-bottom: 30px !important;}\u00bb][vc_column_text]<\/p>\n<h3 class=\"thim-text-title\">Visi\u00f3n<\/h3>\n<p><span style=\"font-weight: 400;\">Durante los siguientes cinco a\u00f1os, La Divina Pastora ser\u00e1 una Instituci\u00f3n Educativa generadora de estudiantes con esp\u00edritu cr\u00edtico, profundo, investigativo y pr\u00e1ctico, que logre ubicarse como la mejor instituci\u00f3n del sector en el \u00e1mbito acad\u00e9mico, comportamental y axiol\u00f3gico, con el fin de lograr un liderazgo eficiente y eficaz que le permita a la comunidad la capacidad para la soluci\u00f3n de conflictos cotidianos y la superaci\u00f3n de las dificultades socioecon\u00f3micas.<\/span>[\/vc_column_text][\/vc_column][\/vc_row][vc_row][vc_column][vc_tta_tabs][vc_tta_section title=\u00bbOBJETIVOS Y VALORES\u00bb tab_id=\u00bb1553201553639-a4a157b2-0618&#8243;][vc_column_text]<\/p>\n<h3 class=\"thim-text-title\">Objetivos Institucionales<\/h3>\n<ul>\n<li style=\"font-weight: 400;\" aria-level=\"1\"><span style=\"font-weight: 400;\">Promover el pleno desarrollo de la personalidad en el contexto social y laboral.<\/span><\/li>\n<li style=\"font-weight: 400;\" aria-level=\"1\"><span style=\"font-weight: 400;\">Formar personas capaces de tomar decisiones respetuosas, responsables y justas para que puedan enfrentar la realidad con acierto y democracia, en el permanente y pleno desarrollo de los deberes y derechos.<\/span><\/li>\n<li style=\"font-weight: 400;\" aria-level=\"1\"><span style=\"font-weight: 400;\">Brindar a los estudiantes una s\u00f3lida formaci\u00f3n cient\u00edfica, t\u00e9cnica, \u00e9tica y moral propiciando la pr\u00e1ctica del respeto de los derechos humanos.<\/span><\/li>\n<li style=\"font-weight: 400;\" aria-level=\"1\"><span style=\"font-weight: 400;\">Contribuir con la formaci\u00f3n de personas con vocaci\u00f3n y capacidad de ser buenos ciudadanos en el contexto social.<\/span><\/li>\n<li style=\"font-weight: 400;\" aria-level=\"1\"><span style=\"font-weight: 400;\">Ejecutar los fines, prop\u00f3sitos y mandatos educativos indicados por la Constituci\u00f3n Pol\u00edtica Nacional, la Ley General de educaci\u00f3n y otras normas vigentes, con el fin de propiciar y lograr una educaci\u00f3n integral para la vida.<\/span><\/li>\n<\/ul>\n<p>&nbsp;<\/p>\n<h3 class=\"thim-text-title\">Valores Institucionales<\/h3>\n<p><span style=\"font-weight: 400;\">Los valores que identifican nuestra Instituci\u00f3n son particularmente tres: el amor, la elegancia y la excelencia.\u00a0<\/span><\/p>\n<p><b>Amor:<\/b><span style=\"font-weight: 400;\"> la expresi\u00f3n m\u00e1xima del ser humano para con sus semejantes. Est\u00e1 relacionado con la capacidad que ha de poseer cada uno de los miembros de la comunidad educativa de la Divina Pastora en el trato con los que le rodean. <\/span><\/p>\n<p><b>Elegancia: <\/b><span style=\"font-weight: 400;\">conjunto de rasgos que caracterizan a una persona, <\/span><span style=\"font-weight: 400;\">asumida como el compromiso que cada integrante de la comunidad educativa posee en su ser como persona humana aut\u00e9ntica.<\/span><\/p>\n<p><b>Excelencia:<\/b> <span style=\"font-weight: 400;\">Superior calidad o bondad que hace digna de aprecio y estima una persona. <\/span><span style=\"font-weight: 400;\">Concebida para nuestra instituci\u00f3n como la capacidad que posee cada uno de los miembros de nuestra comunidad educativa para prepararse y afrontar los retos de la humanidad y el mundo modernos.<\/span>[\/vc_column_text][\/vc_tta_section][vc_tta_section title=\u00bbFILOSOF\u00cdA Y PRINCIPIOS\u00bb tab_id=\u00bb1553201553661-4cb8a9a4-11b5&#8243;][vc_column_text]<\/p>\n<h3 class=\"thim-text-title\">Filosof\u00eda y Principios Institucionales<\/h3>\n<h3 class=\"thim-text-title\">Filosof\u00eda:<\/h3>\n<p><span style=\"font-weight: 400;\">La Instituci\u00f3n Educativa concibe el proceso educativo como la forma m\u00e1s adecuada para lograr que los ni\u00f1os y j\u00f3venes de las comunidades menos favorecidas de este sector alcancen el pleno desarrollo de su personalidad, se formen plenamente y accedan a la Ciencia, la tecnolog\u00eda, la formaci\u00f3n en valores y la libertad para alcanzar su realizaci\u00f3n personal.\u00a0<\/span><\/p>\n<p><span style=\"font-weight: 400;\">La comunidad educativa se rige por los principios de la educaci\u00f3n colombiana, consagrados en la Constituci\u00f3n Pol\u00edtica de 1991 y la Ley General de Educaci\u00f3n (Ley 115 de 1994), los cuales indican que \u201cla educaci\u00f3n es un proceso de formaci\u00f3n permanente, personal, cultural y social que se fundamenta en una concepci\u00f3n integral de la persona humana, de su dignidad, de sus derechos y sus deberes\u201d. Y cuya finalidad est\u00e1 expresada en el art\u00edculo 5 de la Ley 115 de 1994 y de conformidad con el art\u00edculo 67 de la Constituci\u00f3n Pol\u00edtica.<\/span><\/p>\n<p><span style=\"font-weight: 400;\">La acci\u00f3n educativa est\u00e1 encaminada a hacer de la convivencia democr\u00e1tica una forma y un estilo de vida institucional, a trav\u00e9s del desarrollo de estrategias metodol\u00f3gicas y formas de concertaci\u00f3n que propicien la formaci\u00f3n integral y permanente de los actores educativos y la socializaci\u00f3n de la comunidad educativa.<\/span><\/p>\n<p><span style=\"font-weight: 400;\">Para ello, se propone y desarrolla una propuesta educativa que: exalta la vida, dignifica la persona, fortalece la convivencia escolar y mejora la calidad de vida educativa.<\/span><\/p>\n<h3 class=\"thim-text-title\">Principios Institucionales<\/h3>\n<ul class=\"thim-list-content\">\n<li><strong>La Cultura, La Ciencia y la Tecnolog\u00eda <\/strong><\/li>\n<\/ul>\n<p>Proyecto Transversal.<\/p>\n<ul class=\"thim-list-content\">\n<li><strong>La Democracia, Ciudadan\u00eda y el Respeto por la Diversidad y la Vida<\/strong><\/li>\n<\/ul>\n<p>Ciencias Sociales, \u00c9tica, Religi\u00f3n.<\/p>\n<ul class=\"thim-list-content\">\n<li><strong>El Cuidado del Ambiente y el Respeto por los Derechos de los Animales<\/strong><\/li>\n<\/ul>\n<p>Ciencias Naturales, Ciencias Sociales, \u00c9tica y Valores, Educaci\u00f3n Religiosa.[\/vc_column_text][\/vc_tta_section][vc_tta_section title=\u00bbPOL\u00cdTICA Y OBJETIVOS DE CALIDAD\u00bb tab_id=\u00bb1553202116208-8d028f78-28a5&#8243;][vc_column_text]<\/p>\n<h3 class=\"thim-text-title\">Pol\u00edtica y objetivos de Calidad<\/h3>\n<ul class=\"thim-list-content\">\n<li style=\"font-weight: 400;\" aria-level=\"4\"><span style=\"font-weight: 400;\">Organizar la instituci\u00f3n educativa de tal forma que permita el mejoramiento de la calidad de la educaci\u00f3n en funci\u00f3n de las necesidades educativas de los estudiantes.<\/span><\/li>\n<li style=\"font-weight: 400;\" aria-level=\"4\"><span style=\"font-weight: 400;\">Fortalecer y consolidar la instituci\u00f3n educativa mediante la integraci\u00f3n de sus componentes.<\/span><\/li>\n<li style=\"font-weight: 400;\" aria-level=\"4\"><span style=\"font-weight: 400;\">Hacer propios los fines de la educaci\u00f3n definidos en la Ley General de educaci\u00f3n y encaminados al logro del desarrollo integral de los estudiantes influyendo de manera consciente y positiva en el desarrollo de su entorno.\u00a0<\/span><\/li>\n<li style=\"font-weight: 400;\" aria-level=\"4\"><span style=\"font-weight: 400;\">Ofrecer a los estudiantes, padres de familia y comunidad en general un curr\u00edculo entendido como el conjunto de procesos saberes, competencias y valores b\u00e1sicos y fundamentales para el desarrollo integral que les brinde los medios para adquirir una formaci\u00f3n acorde con las exigencias actuales.<\/span><\/li>\n<li style=\"font-weight: 400;\" aria-level=\"4\"><span style=\"font-weight: 400;\">Fortalecer la capacidad de la instituci\u00f3n educativa adelantando procesos formativos que promuevan valores y desarrollen competencias individuales y de grupo para ejercer la democracia, el respeto a los derechos humanos, el manejo adecuado de los conflictos, y la participaci\u00f3n en alternativas de soluci\u00f3n a los problemas que afectan a la comunidad educativa.<\/span><\/li>\n<li style=\"font-weight: 400;\" aria-level=\"4\"><span style=\"font-weight: 400;\">Fomentar el afianzamiento de una cultura institucional con rutas y procedimientos, que transformen las relaciones pedag\u00f3gicas, la participaci\u00f3n en la gesti\u00f3n escolar y las relaciones con la comunidad, en oportunidades para aprender a convivir de manera constructiva y pac\u00edfica.<\/span><\/li>\n<li style=\"font-weight: 400;\" aria-level=\"4\"><span style=\"font-weight: 400;\">Contribuir a la construcci\u00f3n de una sociedad equitativa, justa y en paz.<\/span><\/li>\n<li style=\"font-weight: 400;\" aria-level=\"4\"><span style=\"font-weight: 400;\">Promover bachilleres acad\u00e9micos y t\u00e9cnicos, que les permita acceder al conjunto de conocimientos que ha hecho posible la transformaci\u00f3n de la naturaleza, del entorno, de la humanidad y que son susceptibles de ser estudiados, comprendidos y mejorados, buscando el manejo, procesamiento y utilizaci\u00f3n eficiente de la informaci\u00f3n y de los recursos.<\/span><\/li>\n<\/ul>\n<p>[\/vc_column_text][\/vc_tta_section][vc_tta_section title=\u00bbENFOQUE PEDAG\u00d3GICO\u00bb tab_id=\u00bb1553203450656-a52e943b-1e54&#8243;][vc_column_text]<\/p>\n<h3 class=\"thim-text-title\">Enfoque Pedag\u00f3gico:\u00a0 <span style=\"font-weight: 400;\">ENFOQUE GLOBALIZADO<\/span><\/h3>\n<p><span style=\"font-weight: 400;\">La ense\u00f1anza globalizada se fundamenta en razones de car\u00e1cter psicol\u00f3gico relacionadas con la especial estructura cognitiva y afectiva del ni\u00f1o, lo que lleva al dise\u00f1o de programas que respeten esa naturaleza del desarrollo y del aprendizaje.<\/span><\/p>\n<p><span style=\"font-weight: 400;\">El concepto de globalizaci\u00f3n no hace referencia a una metodolog\u00eda concreta y no infravalora la funci\u00f3n de las \u00e1reas. La perspectiva globalizadora no percibe m\u00e9todos, sino que da pautas para organizar los contenidos de manera que:<\/span><\/p>\n<ul>\n<li><span style=\"font-weight: 400;\">Constituyan una secuencia de aprendizaje.<\/span><\/li>\n<li><span style=\"font-weight: 400;\">Se orienten a un fin concreto con sentido e intencionalidad.<\/span><\/li>\n<li><span style=\"font-weight: 400;\">Permitan al alumno una mejor comprensi\u00f3n de una situaci\u00f3n determinada.<\/span><\/li>\n<li><span style=\"font-weight: 400;\">Se sit\u00faen en un contexto que permita su significatividad y funcionalidad.<\/span><\/li>\n<\/ul>\n<p><span style=\"font-weight: 400;\">Por tanto, la globalizaci\u00f3n como tal es independiente a la existencia o no de las disciplinas ya que su objetivo es hablarnos de c\u00f3mo son las cosas y los acontecimientos en la realidad: globales y a la vez unitarios.<\/span>[\/vc_column_text][\/vc_tta_section][\/vc_tta_tabs][\/vc_column][\/vc_row][vc_row css=\u00bb.vc_custom_1559532503179{background-color: #95c5f4 !important;}\u00bb][vc_column][vc_row_inner][vc_column_inner]<div class=\"thim-widget-heading template-base\"><div class=\"sc_heading  text-center\"><h3 class=\"title\"><strong>Himno<\/strong> Institucional<\/h3><span class=\"line\"><\/span><\/div><\/div>[\/vc_column_inner][\/vc_row_inner][vc_row_inner][vc_column_inner width=\u00bb1\/3&#8243;]<div class=\"thim-widget-heading template-base\"><div class=\"sc_heading  text-center\"><h3 class=\"title\">CORO<\/h3><span class=\"line\"><\/span><\/div><\/div>[vc_column_text]<\/p>\n<div style=\"text-align: center;\">\n<p><span style=\"font-weight: 400;\">La Divina Pastora es tu nombre,<\/span><\/p>\n<p><span style=\"font-weight: 400;\">siempre con la presencia de Dios,<\/span><\/p>\n<p><span style=\"font-weight: 400;\">bajo el manto de la Virgen bella,<\/span><\/p>\n<p><span style=\"font-weight: 400;\">que nos lleva en su coraz\u00f3n.<\/span><\/p>\n<\/div>\n<div style=\"text-align: center;\"><\/div>\n<p>[\/vc_column_text]<div class=\"thim-widget-heading template-base\"><div class=\"sc_heading  text-center\"><h3 class=\"title\">III<\/h3><span class=\"line\"><\/span><\/div><\/div>[vc_column_text]<\/p>\n<div style=\"text-align: center;\">\n<p><span style=\"font-weight: 400;\">Amor, elegancia y excelencia,<\/span><\/p>\n<p><span style=\"font-weight: 400;\">con Jes\u00fas siempre en el coraz\u00f3n,<\/span><\/p>\n<p><span style=\"font-weight: 400;\">nuestra meta muy pronto ser\u00e1,\u00a0<\/span><\/p>\n<p><span style=\"font-weight: 400;\">ser la mejor de nuestra regi\u00f3n.<\/span><\/p>\n<\/div>\n<p>[\/vc_column_text][\/vc_column_inner][vc_column_inner width=\u00bb1\/3&#8243;]<div class=\"thim-widget-heading template-base\"><div class=\"sc_heading  text-center\"><h3 class=\"title\">I<\/h3><span class=\"line\"><\/span><\/div><\/div>[vc_column_text]<\/p>\n<div style=\"text-align: center;\">\n<p><span style=\"font-weight: 400;\">Sus docentes, alumnos y padres,<\/span><\/p>\n<p><span style=\"font-weight: 400;\">con entrega, trabajo y amor,<\/span><\/p>\n<p><span style=\"font-weight: 400;\">te han formado con gran alegr\u00eda<\/span><\/p>\n<p><span style=\"font-weight: 400;\">en busca de un futuro mejor.<\/span><\/p>\n<\/div>\n<p>[\/vc_column_text][vc_column_text][\/vc_column_text][\/vc_column_inner][vc_column_inner width=\u00bb1\/3&#8243;]<div class=\"thim-widget-heading template-base\"><div class=\"sc_heading  text-center\"><h3 class=\"title\">II<\/h3><span class=\"line\"><\/span><\/div><\/div>[vc_column_text]<\/p>\n<div style=\"text-align: center;\">\n<p><span style=\"font-weight: 400;\">Teresita, Yamile y Enrique,\u00a0<\/span><\/p>\n<p><span style=\"font-weight: 400;\">en un tr\u00edo de fe y de amor,\u00a0<\/span><\/p>\n<p><span style=\"font-weight: 400;\">te fundaron con gran esperanza,\u00a0<\/span><\/p>\n<p><span style=\"font-weight: 400;\">en una bella instituci\u00f3n.<\/span><\/p>\n<\/div>\n<p>[\/vc_column_text][vc_column_text][\/vc_column_text][\/vc_column_inner][\/vc_row_inner][\/vc_column][\/vc_row]<\/p>\n<\/div>","protected":false},"excerpt":{"rendered":"<p>[vc_row][vc_column][\/vc_column][\/vc_row][vc_row css=\u00bb.vc_custom_1559531433775{margin-bottom: 15px !important;}\u00bb][vc_column width=\u00bb5\/12&#8243; css=\u00bb.vc_custom_1553219212365{margin-bottom: 30px !important;}\u00bb][vc_column_text] Misi\u00f3n La Instituci\u00f3n Educativa La Divina Pastora propende por la formaci\u00f3n integral del estudiante, con un crecimiento pleno como persona que le permita formular su propio proyecto de vida; desarrollando a trav\u00e9s &hellip; <\/p>\n","protected":false},"author":1,"featured_media":0,"parent":0,"menu_order":0,"comment_status":"closed","ping_status":"closed","template":"","meta":{"footnotes":""},"class_list":["post-11502","page","type-page","status-publish","hentry"],"_links":{"self":[{"href":"https:\/\/ieladivinapastora.edu.co\/web\/wp-json\/wp\/v2\/pages\/11502","targetHints":{"allow":["GET"]}}],"collection":[{"href":"https:\/\/ieladivinapastora.edu.co\/web\/wp-json\/wp\/v2\/pages"}],"about":[{"href":"https:\/\/ieladivinapastora.edu.co\/web\/wp-json\/wp\/v2\/types\/page"}],"author":[{"embeddable":true,"href":"https:\/\/ieladivinapastora.edu.co\/web\/wp-json\/wp\/v2\/users\/1"}],"replies":[{"embeddable":true,"href":"https:\/\/ieladivinapastora.edu.co\/web\/wp-json\/wp\/v2\/comments?post=11502"}],"version-history":[{"count":3,"href":"https:\/\/ieladivinapastora.edu.co\/web\/wp-json\/wp\/v2\/pages\/11502\/revisions"}],"predecessor-version":[{"id":12355,"href":"https:\/\/ieladivinapastora.edu.co\/web\/wp-json\/wp\/v2\/pages\/11502\/revisions\/12355"}],"wp:attachment":[{"href":"https:\/\/ieladivinapastora.edu.co\/web\/wp-json\/wp\/v2\/media?parent=11502"}],"curies":[{"name":"wp","href":"https:\/\/api.w.org\/{rel}","templated":true}]}}