{"id":12245,"date":"2021-02-18T11:48:43","date_gmt":"2021-02-18T16:48:43","guid":{"rendered":"https:\/\/ieladivinapastora.edu.co\/web\/?page_id=12245"},"modified":"2024-03-19T10:07:44","modified_gmt":"2024-03-19T15:07:44","slug":"revista","status":"publish","type":"page","link":"https:\/\/ieladivinapastora.edu.co\/web\/revista\/","title":{"rendered":"REVISTA"},"content":{"rendered":"<div class=\"wpb-content-wrapper\"><h1 style=\"text-align: center;\"><strong>ISSN: 2805-9247 en l\u00ednea<\/strong><\/h1>\n<p>&nbsp;<\/p>\n<p>[vc_row][vc_column][vc_column_text]<a href=\"https:\/\/ieladivinapastora.edu.co\/web\/wp-content\/uploads\/2022\/02\/Revista-IE-La-Divina-Pastora-1-1.pdf\"><img loading=\"lazy\" decoding=\"async\" class=\" wp-image-12389 alignleft\" src=\"https:\/\/ieladivinapastora.edu.co\/web\/wp-content\/uploads\/2022\/02\/Revista-IE-La-Divina-Pastora-1_page-0001-221x300.jpg\" alt=\"\" width=\"274\" height=\"373\" srcset=\"https:\/\/ieladivinapastora.edu.co\/web\/wp-content\/uploads\/2022\/02\/Revista-IE-La-Divina-Pastora-1_page-0001-221x300.jpg 221w, https:\/\/ieladivinapastora.edu.co\/web\/wp-content\/uploads\/2022\/02\/Revista-IE-La-Divina-Pastora-1_page-0001-753x1024.jpg 753w, https:\/\/ieladivinapastora.edu.co\/web\/wp-content\/uploads\/2022\/02\/Revista-IE-La-Divina-Pastora-1_page-0001-768x1044.jpg 768w, https:\/\/ieladivinapastora.edu.co\/web\/wp-content\/uploads\/2022\/02\/Revista-IE-La-Divina-Pastora-1_page-0001-1130x1536.jpg 1130w, https:\/\/ieladivinapastora.edu.co\/web\/wp-content\/uploads\/2022\/02\/Revista-IE-La-Divina-Pastora-1_page-0001.jpg 1477w\" sizes=\"auto, (max-width: 274px) 100vw, 274px\" \/><\/a><\/p>\n<p>&nbsp;<\/p>\n<p style=\"text-align: justify;\">La revista institucional <strong><em>IE La Divina Pastora<\/em><\/strong> es un medio virtual de difusi\u00f3n del pensamiento, realizaciones culturales, acad\u00e9micas, pedag\u00f3gicas, que recoge las iniciativas, posturas, visiones, actividades realizadas por los miembros de la comunidad educativa durante el a\u00f1o lectivo.<\/p>\n<p style=\"text-align: justify;\">La <strong>Revista IE La Divina Pastora<\/strong> es una herramienta de trabajo con que cuentan los docentes y estudiantes, eventualmente, para desarrollar actividades pedag\u00f3gicas, de promoci\u00f3n de lectura y comprensi\u00f3n, a la vez que, instrumento de motivaci\u00f3n para la construcci\u00f3n textual mediante instancias de participaci\u00f3n en la revista, con poemas, cuentos, comentarios, rese\u00f1as, orientados por los docentes en las aulas. De la misma manera, los docentes y padres de familia tienen la oportunidad de expresarse y presentar sus puntos de vista o posturas particulares sobre alg\u00fan t\u00f3pico de la vida escolar, disciplina de estudio, asuntos de inter\u00e9s general, de antropolog\u00eda, pedagog\u00eda, filosof\u00eda, cultura, el arte, entre otros.<\/p>\n<p style=\"text-align: justify;\">La <strong><em>Revista IE La Divina Postura<\/em><\/strong> es la voz de la instituci\u00f3n, al multiplicar, en medio virtual, las perspectivas desde las cuales se aprecia la vida escolar y se vivencia el acontecer educativo en la ciudad, la regi\u00f3n y el pa\u00eds.<\/p>\n<p style=\"text-align: justify;\">La <strong><em>Revista IE La Divina Pastora<\/em><\/strong> posee una periodicidad trimestral de publicaci\u00f3n, y se halla alojada en el micrositio de la p\u00e1gina web de la Instituci\u00f3n Educativa La Divina Pastora: <a href=\"https:\/\/ieladivinapastora.edu.co\/web\/revista\/\">https:\/\/ieladivinapastora.edu.co\/web\/revista\/<\/a><\/p>\n<p>\u00a0[\/vc_column_text][\/vc_column][\/vc_row]<\/p>\n<\/div>","protected":false},"excerpt":{"rendered":"<p>ISSN: 2805-9247 en l\u00ednea &nbsp; [vc_row][vc_column][vc_column_text] &nbsp; La revista institucional IE La Divina Pastora es un medio virtual de difusi\u00f3n del pensamiento, realizaciones culturales, acad\u00e9micas, pedag\u00f3gicas, que recoge las iniciativas, posturas, visiones, actividades realizadas por los miembros de la comunidad &hellip; <\/p>\n","protected":false},"author":9,"featured_media":0,"parent":0,"menu_order":0,"comment_status":"closed","ping_status":"closed","template":"","meta":{"footnotes":""},"class_list":["post-12245","page","type-page","status-publish","hentry"],"_links":{"self":[{"href":"https:\/\/ieladivinapastora.edu.co\/web\/wp-json\/wp\/v2\/pages\/12245","targetHints":{"allow":["GET"]}}],"collection":[{"href":"https:\/\/ieladivinapastora.edu.co\/web\/wp-json\/wp\/v2\/pages"}],"about":[{"href":"https:\/\/ieladivinapastora.edu.co\/web\/wp-json\/wp\/v2\/types\/page"}],"author":[{"embeddable":true,"href":"https:\/\/ieladivinapastora.edu.co\/web\/wp-json\/wp\/v2\/users\/9"}],"replies":[{"embeddable":true,"href":"https:\/\/ieladivinapastora.edu.co\/web\/wp-json\/wp\/v2\/comments?post=12245"}],"version-history":[{"count":14,"href":"https:\/\/ieladivinapastora.edu.co\/web\/wp-json\/wp\/v2\/pages\/12245\/revisions"}],"predecessor-version":[{"id":12505,"href":"https:\/\/ieladivinapastora.edu.co\/web\/wp-json\/wp\/v2\/pages\/12245\/revisions\/12505"}],"wp:attachment":[{"href":"https:\/\/ieladivinapastora.edu.co\/web\/wp-json\/wp\/v2\/media?parent=12245"}],"curies":[{"name":"wp","href":"https:\/\/api.w.org\/{rel}","templated":true}]}}